{"id":31,"date":"2017-11-01T19:24:44","date_gmt":"2017-11-01T19:24:44","guid":{"rendered":"http:\/\/emrahferhatoglu.net\/wordpress_8\/?page_id=31"},"modified":"2017-11-03T21:42:13","modified_gmt":"2017-11-03T19:42:13","slug":"egitim","status":"publish","type":"page","link":"http:\/\/emrahferhatoglu.net\/index.php\/egitim\/","title":{"rendered":"E\u011fitim"},"content":{"rendered":"<p><strong>Lise<\/strong> (1992-1995), Gelibolu Lisesi (T\u00fcrk\u00e7e-Matematik)<\/p>\n<p><strong>Lisans<\/strong> (1995-1999),\u00a0Anadolu \u00dcniversitesi, \u0130\u0130BF, Maliye B\u00f6l\u00fcm\u00fc (B\u00f6l\u00fcm Birincili\u011fi)<\/p>\n<p><strong>Y\u00fcksek Lisans<\/strong> (1999-2001),\u00a0Anadolu \u00dcniversitesi, SBE, Mali Hukuk<\/p>\n<p><strong>Doktora<\/strong> (2001-2005),\u00a0Anadolu \u00dcniversitesi, SBE, Maliye<\/p>\n<p><strong>Doktora Sonras\u0131<\/strong> (Eyl\u00fcl 2010-Eyl\u00fcl 2011),\u00a0Vienna University of Economics and Business (WU), Institute for Austrian and International Tax Law<\/p>\n","protected":false},"excerpt":{"rendered":"<p>Lise (1992-1995), Gelibolu Lisesi (T\u00fcrk\u00e7e-Matematik) Lisans (1995-1999),\u00a0Anadolu \u00dcniversitesi, \u0130\u0130BF, Maliye B\u00f6l\u00fcm\u00fc (B\u00f6l\u00fcm Birincili\u011fi) Y\u00fcksek Lisans (1999-2001),\u00a0Anadolu \u00dcniversitesi, SBE, Mali Hukuk Doktora (2001-2005),\u00a0Anadolu \u00dcniversitesi, SBE, Maliye Doktora Sonras\u0131 (Eyl\u00fcl 2010-Eyl\u00fcl 2011),\u00a0Vienna University of Economics and Business (WU), Institute for Austrian and International Tax Law<\/p>\n","protected":false},"author":1,"featured_media":0,"parent":0,"menu_order":0,"comment_status":"closed","ping_status":"closed","template":"","meta":{"footnotes":""},"class_list":["post-31","page","type-page","status-publish","hentry"],"_links":{"self":[{"href":"http:\/\/emrahferhatoglu.net\/index.php\/wp-json\/wp\/v2\/pages\/31","targetHints":{"allow":["GET"]}}],"collection":[{"href":"http:\/\/emrahferhatoglu.net\/index.php\/wp-json\/wp\/v2\/pages"}],"about":[{"href":"http:\/\/emrahferhatoglu.net\/index.php\/wp-json\/wp\/v2\/types\/page"}],"author":[{"embeddable":true,"href":"http:\/\/emrahferhatoglu.net\/index.php\/wp-json\/wp\/v2\/users\/1"}],"replies":[{"embeddable":true,"href":"http:\/\/emrahferhatoglu.net\/index.php\/wp-json\/wp\/v2\/comments?post=31"}],"version-history":[{"count":0,"href":"http:\/\/emrahferhatoglu.net\/index.php\/wp-json\/wp\/v2\/pages\/31\/revisions"}],"wp:attachment":[{"href":"http:\/\/emrahferhatoglu.net\/index.php\/wp-json\/wp\/v2\/media?parent=31"}],"curies":[{"name":"wp","href":"https:\/\/api.w.org\/{rel}","templated":true}]}}