{"id":57,"date":"2017-11-03T08:47:19","date_gmt":"2017-11-03T08:47:19","guid":{"rendered":"http:\/\/emrahferhatoglu.net\/wordpress_8\/?page_id=57"},"modified":"2022-11-07T08:16:13","modified_gmt":"2022-11-07T06:16:13","slug":"kitaplar-kitap-bolumleri","status":"publish","type":"page","link":"http:\/\/emrahferhatoglu.net\/index.php\/kitaplar-kitap-bolumleri\/","title":{"rendered":"Kitaplar ve Kitap B\u00f6l\u00fcmleri"},"content":{"rendered":"<h2>Uluslararas\u0131 yay\u0131nevleri taraf\u0131ndan bas\u0131lm\u0131\u015f kitaplarda b\u00f6l\u00fcmler<\/h2>\n<p>\t\t\t\t\t\t\t\t\t\t<img loading=\"lazy\" decoding=\"async\" width=\"250\" height=\"354\" src=\"http:\/\/emrahferhatoglu.net\/wp-content\/uploads\/2021\/01\/CFC-image-250x354.png\" alt=\"\" srcset=\"http:\/\/emrahferhatoglu.net\/wp-content\/uploads\/2021\/01\/CFC-image-250x354.png 250w, http:\/\/emrahferhatoglu.net\/wp-content\/uploads\/2021\/01\/CFC-image-212x300.png 212w, http:\/\/emrahferhatoglu.net\/wp-content\/uploads\/2021\/01\/CFC-image.png 419w\" sizes=\"auto, (max-width: 250px) 100vw, 250px\" \/>\t\t\t\t\t\t\t\t\t\t\t<\/p>\n<p>Ferhato\u011flu, E., Controlled Foreign Company Legislation in Turkey in Georg Kofler et al (Ed.) Controlled\u00a0Foreign Company Legislation (Amsterdam: IBFD, 2020).<\/p>\n<p>\t\t\t\t\t\t\t\t\t\t<img loading=\"lazy\" decoding=\"async\" width=\"250\" height=\"383\" src=\"http:\/\/emrahferhatoglu.net\/wp-content\/uploads\/2018\/08\/Improving-Tax-Compliance-250x383.jpg\" alt=\"\" srcset=\"http:\/\/emrahferhatoglu.net\/wp-content\/uploads\/2018\/08\/Improving-Tax-Compliance-250x383.jpg 250w, http:\/\/emrahferhatoglu.net\/wp-content\/uploads\/2018\/08\/Improving-Tax-Compliance-196x300.jpg 196w, http:\/\/emrahferhatoglu.net\/wp-content\/uploads\/2018\/08\/Improving-Tax-Compliance-768x1178.jpg 768w, http:\/\/emrahferhatoglu.net\/wp-content\/uploads\/2018\/08\/Improving-Tax-Compliance-668x1024.jpg 668w, http:\/\/emrahferhatoglu.net\/wp-content\/uploads\/2018\/08\/Improving-Tax-Compliance.jpg 1329w\" sizes=\"auto, (max-width: 250px) 100vw, 250px\" \/>\t\t\t\t\t\t\t\t\t\t\t<\/p>\n<p>Ferhato\u011flu, E., Improving Tax Compliance in a Globalized World (Turkish Perspective) in Michael Lang et al (Ed.) Improving Tax Compliance in a Globalized World (Amsterdam: IBFD, 2018).<\/p>\n<p>\t\t\t\t\t\t\t\t\t\t<img loading=\"lazy\" decoding=\"async\" width=\"138\" height=\"233\" src=\"http:\/\/emrahferhatoglu.net\/wp-content\/uploads\/2017\/11\/OECD_model_tax_convention_2017_138px.jpg\" alt=\"\" \/>\t\t\t\t\t\t\t\t\t\t\t<\/p>\n<p>Ferhato\u011flu, E., &#8220;Turkey&#8221; in\u00a0Andrei Cracea (Ed.) OECD Model Tax Convention on Income and on Capital (2014 Condensed Version) and Key Tax Features of Member Countries 2017 (Amsterdam: IBFD, 2017).<\/p>\n<p>\t\t\t\t\t\t\t\t\t\t<img decoding=\"async\" src=\"http:\/\/emrahferhatoglu.net\/wp-content\/uploads\/2017\/11\/41h8Rtve9gL._SX349_BO1204203200_-150x150.jpg\" title=\"41h8Rtve9gL._SX349_BO1,204,203,200_\" alt=\"41h8Rtve9gL._SX349_BO1,204,203,200_\" \/>\t\t\t\t\t\t\t\t\t\t\t<\/p>\n<p>Ferhato\u011flu, E., \u201cTax Secrecy and Tax Transparency-The Relevence of Confidentiality in Tax Law (Turkish Perspective)\u201d in Eleonor Kristoffersson, et al. (eds.) Tax Secrecy and Tax Transparency-The Relevence of Confidentiality in Tax Law, Part 1 and 2 (Frankfurt am Main, Berlin, Bern, Bruxelles, New York, Oxford, Wien: Peter Lang &#8211; International Academic Publishers, 2013).<\/p>\n<p>\t\t\t\t\t\t\t\t\t\t<img decoding=\"async\" src=\"http:\/\/emrahferhatoglu.net\/wp-content\/uploads\/2017\/11\/TaxRulesinNon-TaxAgree.jpg\" title=\"IBFD Tax Rules 2012 radars 2e corr.:Opmaak 1\" alt=\"IBFD Tax Rules 2012 radars 2e corr.:Opmaak 1\" \/>\t\t\t\t\t\t\t\t\t\t\t<\/p>\n<p>Ferhato\u011flu, E., \u201cTax Rules in Non-Tax Agreements in Turkey\u201d in Michael Lang, Pasquale Pistone, Josef Schuch, Claus Staringer, Alfred Storck (eds.) Tax Rules in Non-Tax Agreements (Amsterdam: IBFD, 2012).<\/p>\n<h2>Ulusal yay\u0131nevleri taraf\u0131ndan bas\u0131lm\u0131\u015f kitaplar<\/h2>\n<p>\t\t\t\t\t\t\t\t\t\t<img loading=\"lazy\" decoding=\"async\" width=\"138\" height=\"201\" src=\"http:\/\/emrahferhatoglu.net\/wp-content\/uploads\/2017\/11\/ferhatoglu_tahkim.jpg\" alt=\"\" \/>\t\t\t\t\t\t\t\t\t\t\t<\/p>\n<p>Ferhato\u011flu, E. Uluslararas\u0131 Vergi Uyu\u015fmazl\u0131klar\u0131n\u0131n Tahkim Yoluyla \u00c7\u00f6z\u00fcmlenmesi: Avrupa Birli\u011fi Tahkim Anla\u015fmas\u0131 (\u0130stanbul: Beta, 2010).<\/p>\n<p>\t\t\t\t\t\t\t\t\t\t<img loading=\"lazy\" decoding=\"async\" width=\"138\" height=\"204\" src=\"http:\/\/emrahferhatoglu.net\/wp-content\/uploads\/2017\/11\/ferhatoglu_tr.jpg\" alt=\"\" \/>\t\t\t\t\t\t\t\t\t\t\t<\/p>\n<p>K\u00f6se, T., Ferhato\u011flu, E. 5520 Say\u0131l\u0131 Kurumlar Vergisi Kanunu ve 1 Seri No.lu Transfer Fiyatland\u0131rmas\u0131 Yoluyla \u00d6rt\u00fcl\u00fc Kazan\u00e7 Da\u011f\u0131t\u0131m\u0131 Hakk\u0131nda Genel Tebli\u011fe g\u00f6re Transfer Fiyatland\u0131rmas\u0131 (\u00dcretim \u0130\u015fletmelerinde Uygulama) (Ankara: Maliye ve Hukuk Yay\u0131nlar\u0131, 2008).<\/p>\n<p>\t\t\t\t\t\t\t\t\t\t<img loading=\"lazy\" decoding=\"async\" width=\"138\" height=\"204\" src=\"http:\/\/emrahferhatoglu.net\/wp-content\/uploads\/2017\/11\/ferhatoglu_tvs.jpg\" alt=\"\" \/>\t\t\t\t\t\t\t\t\t\t\t<\/p>\n<p>Edizdo\u011fan, N., \u00d6zker, N., Ferhato\u011flu, E., Bilge, S. T\u00fcrk Vergi Sistemi (Bursa: Ekin Bas\u0131m Yay\u0131n Da\u011f\u0131t\u0131m, 2007)<\/p>\n<h2>Ulusal yay\u0131nevleri taraf\u0131ndan bas\u0131lm\u0131\u015f kitaplarda b\u00f6l\u00fcmler<\/h2>\n<p>\t\t\t\t\t\t\t\t\t\t<img loading=\"lazy\" decoding=\"async\" width=\"490\" height=\"774\" src=\"http:\/\/emrahferhatoglu.net\/wp-content\/uploads\/2022\/11\/KVK.png\" alt=\"\" srcset=\"http:\/\/emrahferhatoglu.net\/wp-content\/uploads\/2022\/11\/KVK.png 490w, http:\/\/emrahferhatoglu.net\/wp-content\/uploads\/2022\/11\/KVK-190x300.png 190w, http:\/\/emrahferhatoglu.net\/wp-content\/uploads\/2022\/11\/KVK-250x395.png 250w\" sizes=\"auto, (max-width: 490px) 100vw, 490px\" \/>\t\t\t\t\t\t\t\t\t\t\t<\/p>\n<p>Ferhato\u011flu, E. (2022). Vergi \u0130dareleri Aras\u0131 Otomatik Bilgi De\u011fi\u015fimi ve Ki\u015fisel Verilerin<br \/>Korunmas\u0131, Muhtelif Y\u00f6nleriyle Ki\u015fisel Verilerin Korunmas\u0131 Hukuku i\u00e7inde (Ed.<br \/>Kemal \u015eenocak), Yetkin Yay\u0131nlar\u0131, Ankara.<br \/><strong>\u21d3 indir<\/strong><\/p>\n<p>\t\t\t\t\t\t\t\t\t\t<img loading=\"lazy\" decoding=\"async\" width=\"640\" height=\"948\" src=\"http:\/\/emrahferhatoglu.net\/wp-content\/uploads\/2018\/05\/20180517_110501-691x1024.jpg\" alt=\"\" srcset=\"http:\/\/emrahferhatoglu.net\/wp-content\/uploads\/2018\/05\/20180517_110501-691x1024.jpg 691w, http:\/\/emrahferhatoglu.net\/wp-content\/uploads\/2018\/05\/20180517_110501-202x300.jpg 202w, http:\/\/emrahferhatoglu.net\/wp-content\/uploads\/2018\/05\/20180517_110501-768x1138.jpg 768w, http:\/\/emrahferhatoglu.net\/wp-content\/uploads\/2018\/05\/20180517_110501-250x371.jpg 250w\" sizes=\"auto, (max-width: 640px) 100vw, 640px\" \/>\t\t\t\t\t\t\t\t\t\t\t<\/p>\n<p>Ferhato\u011flu, E. (2018). BEPS Eylem 1: Dijital Ekonomi, Vergilendirmede Matrah A\u015f\u0131nd\u0131rma ve K\u00e2r Kayd\u0131rma\u00a0i\u00e7inde. (Ed. Billur Yalt\u0131), Beta, \u0130stanbul.<br \/><strong>\u21d3 indir<\/strong><\/p>\n<p>\t\t\t\t\t\t\t\t\t\t\t<a href=\"http:\/\/www.onikilevha.com\/yayin\/863\/uluslararasi-vergi-hukuku-konularina-tuerkiye-yaklasimi\" target=\"_blank\" rel=\"nofollow noopener noreferrer\"><br \/>\n\t\t\t\t\t\t\t<img loading=\"lazy\" decoding=\"async\" width=\"596\" height=\"842\" src=\"http:\/\/emrahferhatoglu.net\/wp-content\/uploads\/2017\/11\/9786051525211.jpg\" alt=\"\" srcset=\"http:\/\/emrahferhatoglu.net\/wp-content\/uploads\/2017\/11\/9786051525211.jpg 596w, http:\/\/emrahferhatoglu.net\/wp-content\/uploads\/2017\/11\/9786051525211-212x300.jpg 212w, http:\/\/emrahferhatoglu.net\/wp-content\/uploads\/2017\/11\/9786051525211-250x353.jpg 250w\" sizes=\"auto, (max-width: 596px) 100vw, 596px\" \/>\t\t\t\t\t\t\t\t<\/a><\/p>\n<p>Ferhato\u011flu, E. (2017). Daimi \u0130\u015fyerine Kazan\u00e7 Atfedilmesi, Uluslararas\u0131 Vergi Hukuku<br \/>Konular\u0131na T\u00fcrkiye Yakla\u015f\u0131m\u0131 i\u00e7inde. (Ed. Billur Yalt\u0131), Oniki Levha, Ankara.<br \/><strong>\u21d3 indir<\/strong><\/p>\n<p>\t\t\t\t\t\t\t\t\t\t<img loading=\"lazy\" decoding=\"async\" width=\"450\" height=\"663\" src=\"http:\/\/emrahferhatoglu.net\/wp-content\/uploads\/2017\/11\/ea788e79d03cb6251e.png\" alt=\"\" srcset=\"http:\/\/emrahferhatoglu.net\/wp-content\/uploads\/2017\/11\/ea788e79d03cb6251e.png 450w, http:\/\/emrahferhatoglu.net\/wp-content\/uploads\/2017\/11\/ea788e79d03cb6251e-204x300.png 204w, http:\/\/emrahferhatoglu.net\/wp-content\/uploads\/2017\/11\/ea788e79d03cb6251e-250x368.png 250w\" sizes=\"auto, (max-width: 450px) 100vw, 450px\" \/>\t\t\t\t\t\t\t\t\t\t\t<\/p>\n<p>Ferhato\u011flu, E. (2015). OECD Model Vergi Anla\u015fmas\u0131n\u0131n Daimi \u0130\u015fyerine \u0130li\u015fkin Kurallar\u0131n\u0131n G\u00fcncellenmesi \u00c7al\u0131\u015fmalar\u0131, Prof. Dr. Metin Ta\u015f&#8217;a Arma\u011fan i\u00e7inde. (Ed. Adnan Ger\u00e7ek, Fatih Sara\u00e7o\u011flu), Gazi Kitabevi, Ankara.<br \/><strong>\u21d3 indir<\/strong><\/p>\n<p>\t\t\t\t\t\t\t\t\t\t<img decoding=\"async\" src=\"http:\/\/emrahferhatoglu.net\/wp-content\/uploads\/elementor\/thumbs\/Ftekin-nh0i53ne1b4yozntwmv4boysv16xyotezvgiexdb3e.jpg\" title=\"Ftekin\" alt=\"Ftekin\" \/>\t\t\t\t\t\t\t\t\t\t\t<\/p>\n<p>Ferhato\u011flu, E. (2014). Yurtd\u0131\u015f\u0131ndan Elde Edilen Bireysel Emeklilik Sistemi Gelirlerinin Vergilendirilmesi, Prof. Dr. Faz\u0131l Tekin&#8217;e Arma\u011fan i\u00e7inde. (Ed. Erdal G\u00fcm\u00fc\u015f, Ali \u00c7elikkaya, Erhan G\u00fcm\u00fc\u015f, Emrah Ferhato\u011flu, Semih Bilge, Murat Aslan, Melih \u00c7ildir), Eski\u015fehir Osmangazi \u00dcniversitesi Yay\u0131nlar\u0131, No: 231, Eski\u015fehir.<br \/><a href=\"http:\/\/emrahferhatoglu.net\/wp-content\/uploads\/2020\/01\/Ferhatoglu-YurtdisindanEldeEdilenBESGelirleri.pdf\"><strong>\u21d3 indir<\/strong><\/a><\/p>\n<p>\t\t\t\t\t\t\t\t\t\t<img loading=\"lazy\" decoding=\"async\" width=\"640\" height=\"1007\" src=\"http:\/\/emrahferhatoglu.net\/wp-content\/uploads\/2017\/11\/20171106_111557-651x1024.jpg\" alt=\"\" srcset=\"http:\/\/emrahferhatoglu.net\/wp-content\/uploads\/2017\/11\/20171106_111557-651x1024.jpg 651w, http:\/\/emrahferhatoglu.net\/wp-content\/uploads\/2017\/11\/20171106_111557-191x300.jpg 191w, http:\/\/emrahferhatoglu.net\/wp-content\/uploads\/2017\/11\/20171106_111557-768x1208.jpg 768w, http:\/\/emrahferhatoglu.net\/wp-content\/uploads\/2017\/11\/20171106_111557-250x393.jpg 250w\" sizes=\"auto, (max-width: 640px) 100vw, 640px\" \/>\t\t\t\t\t\t\t\t\t\t\t<\/p>\n<p>Ferhato\u011flu, E. (2014). Uluslararas\u0131 Vergi Hukukunda \u00d6rt\u00fcl\u00fc Sermaye, Prof. Dr. \u015e\u00fckr\u00fc K\u0131z\u0131lot&#8217;a Arma\u011fan i\u00e7inde. (Ed. Nevzat Sayg\u0131l\u0131o\u011flu, Eren \u00c7a\u015fkurlu, Mine Nur Bozdo\u011fan), Ankara.<br \/><a href=\"http:\/\/emrahferhatoglu.net\/wp-content\/uploads\/2020\/01\/ferhatoglu_uluslararas\u0131-vergi-hukukunda_ortulu_sermaye_web.pdf\"><strong>\u21d3 indir<\/strong><\/a><\/p>\n<p>\t\t\t\t\t\t\t\t\t\t<img loading=\"lazy\" decoding=\"async\" width=\"640\" height=\"914\" src=\"http:\/\/emrahferhatoglu.net\/wp-content\/uploads\/2017\/11\/20171106_112713-717x1024.jpg\" alt=\"\" srcset=\"http:\/\/emrahferhatoglu.net\/wp-content\/uploads\/2017\/11\/20171106_112713-717x1024.jpg 717w, http:\/\/emrahferhatoglu.net\/wp-content\/uploads\/2017\/11\/20171106_112713-210x300.jpg 210w, http:\/\/emrahferhatoglu.net\/wp-content\/uploads\/2017\/11\/20171106_112713-768x1097.jpg 768w, http:\/\/emrahferhatoglu.net\/wp-content\/uploads\/2017\/11\/20171106_112713-250x357.jpg 250w\" sizes=\"auto, (max-width: 640px) 100vw, 640px\" \/>\t\t\t\t\t\t\t\t\t\t\t<\/p>\n<p>Ferhato\u011flu, E. (2012). Uluslararas\u0131 Vergi Sorunlar\u0131, Uluslararas\u0131 Kamu Maliyesi i\u00e7inde. (Ed. Faz\u0131l Tekin, Mehmet O\u011fuz Arslan), Anadolu \u00dcniversitesi A\u00e7\u0131k\u00f6\u011fretim Yay\u0131nlar\u0131, No: 1876, Eski\u015fehir.<\/p>\n<p>\t\t\t\t\t\t\t\t\t\t<img loading=\"lazy\" decoding=\"async\" width=\"640\" height=\"914\" src=\"http:\/\/emrahferhatoglu.net\/wp-content\/uploads\/2017\/11\/20171106_112713-717x1024.jpg\" alt=\"\" srcset=\"http:\/\/emrahferhatoglu.net\/wp-content\/uploads\/2017\/11\/20171106_112713-717x1024.jpg 717w, http:\/\/emrahferhatoglu.net\/wp-content\/uploads\/2017\/11\/20171106_112713-210x300.jpg 210w, http:\/\/emrahferhatoglu.net\/wp-content\/uploads\/2017\/11\/20171106_112713-768x1097.jpg 768w, http:\/\/emrahferhatoglu.net\/wp-content\/uploads\/2017\/11\/20171106_112713-250x357.jpg 250w\" sizes=\"auto, (max-width: 640px) 100vw, 640px\" \/>\t\t\t\t\t\t\t\t\t\t\t<\/p>\n<p>Ferhato\u011flu, E. (2012). Uluslararas\u0131 \u015eirketlerin Vergilendirilmesi, Uluslararas\u0131 Kamu Maliyesi i\u00e7inde. (Ed. Faz\u0131l Tekin, Mehmet O\u011fuz Arslan), Anadolu \u00dcniversitesi A\u00e7\u0131k\u00f6\u011fretim Yay\u0131nlar\u0131, No: 1876, Eski\u015fehir.<\/p>\n","protected":false},"excerpt":{"rendered":"<p>Uluslararas\u0131 yay\u0131nevleri taraf\u0131ndan bas\u0131lm\u0131\u015f kitaplarda b\u00f6l\u00fcmler Ferhato\u011flu, E., Controlled Foreign Company Legislation in Turkey in Georg Kofler et al (Ed.) Controlled\u00a0Foreign Company Legislation (Amsterdam: IBFD, 2020). Ferhato\u011flu, E., Improving Tax Compliance in a Globalized World (Turkish Perspective) in Michael Lang et al (Ed.) Improving Tax Compliance in a Globalized World (Amsterdam: IBFD, 2018). Ferhato\u011flu, E., [&hellip;]<\/p>\n","protected":false},"author":1,"featured_media":0,"parent":0,"menu_order":0,"comment_status":"closed","ping_status":"closed","template":"","meta":{"footnotes":""},"class_list":["post-57","page","type-page","status-publish","hentry"],"_links":{"self":[{"href":"http:\/\/emrahferhatoglu.net\/index.php\/wp-json\/wp\/v2\/pages\/57","targetHints":{"allow":["GET"]}}],"collection":[{"href":"http:\/\/emrahferhatoglu.net\/index.php\/wp-json\/wp\/v2\/pages"}],"about":[{"href":"http:\/\/emrahferhatoglu.net\/index.php\/wp-json\/wp\/v2\/types\/page"}],"author":[{"embeddable":true,"href":"http:\/\/emrahferhatoglu.net\/index.php\/wp-json\/wp\/v2\/users\/1"}],"replies":[{"embeddable":true,"href":"http:\/\/emrahferhatoglu.net\/index.php\/wp-json\/wp\/v2\/comments?post=57"}],"version-history":[{"count":3,"href":"http:\/\/emrahferhatoglu.net\/index.php\/wp-json\/wp\/v2\/pages\/57\/revisions"}],"predecessor-version":[{"id":277,"href":"http:\/\/emrahferhatoglu.net\/index.php\/wp-json\/wp\/v2\/pages\/57\/revisions\/277"}],"wp:attachment":[{"href":"http:\/\/emrahferhatoglu.net\/index.php\/wp-json\/wp\/v2\/media?parent=57"}],"curies":[{"name":"wp","href":"https:\/\/api.w.org\/{rel}","templated":true}]}}