{"id":79,"date":"2017-11-03T09:54:47","date_gmt":"2017-11-03T09:54:47","guid":{"rendered":"http:\/\/emrahferhatoglu.net\/?page_id=79"},"modified":"2019-08-25T13:25:44","modified_gmt":"2019-08-25T11:25:44","slug":"konferanslar","status":"publish","type":"page","link":"http:\/\/emrahferhatoglu.net\/index.php\/konferanslar\/","title":{"rendered":"Konferanslar"},"content":{"rendered":"<p>\t\t<img loading=\"lazy\" decoding=\"async\" width=\"202\" height=\"120\" src=\"http:\/\/emrahferhatoglu.net\/wp-content\/uploads\/2017\/11\/44.png\" alt=\"\" \/>\t\t<\/p>\n<p>Ferhato\u011flu, E., \u201cTurkish Report on Controlled Foreign Company Legislation\u201d, Controlled Foreign Company Legislation, 4-7 July 2019, Rust, Austria.<\/p>\n<p>\t\t<img loading=\"lazy\" decoding=\"async\" width=\"202\" height=\"120\" src=\"http:\/\/emrahferhatoglu.net\/wp-content\/uploads\/2017\/11\/44.png\" alt=\"\" \/>\t\t<\/p>\n<p>Ferhato\u011flu, E., \u201cTurkish Report on Imroving Tax Compliance in a Globalized World\u201d, Imroving Tax Compliance in a Globalized World, 30 June-2 July 2016, Rust, Austria.<\/p>\n<p>\t\t<img decoding=\"async\" src=\"http:\/\/emrahferhatoglu.net\/wp-content\/uploads\/elementor\/thumbs\/koc-ngves2e6uath4o17baupxfwexguq835zfs8xw4semo.jpg\" title=\"koc\" alt=\"koc\" \/>\t\t<\/p>\n<p>Ferhato\u011flu, E., \u201cEylem 1: Dijital Ekonomi\u201d, Vergilendirmede Matrah A\u015f\u0131nd\u0131rma ve Kar Kayd\u0131rman\u0131n (BEPS) \u00d6nlenmesi: Politika, Hukuk, Eylem (Uluslararas\u0131 Vergi Hukuku Konferanslar\u0131 Serisi &#8211; 5), Ko\u00e7 \u00dcniversitesi Hukuk Fak\u00fcltesi, 27 Kas\u0131m 2015, \u0130stanbul.<\/p>\n<p>\t\t<img loading=\"lazy\" decoding=\"async\" width=\"202\" height=\"120\" src=\"http:\/\/emrahferhatoglu.net\/wp-content\/uploads\/2017\/11\/44.png\" alt=\"\" \/>\t\t<\/p>\n<p>Ferhato\u011flu, E., \u201cTax Secrecy and Tax Transparency \u2013 the relavance of confidentiality in tax law in Turkey\u201d, Tax Secrecy and Tax Transparency \u2013 the relavance of confidentiality in tax law, 05-07 July 2012, Rust, Austria.<\/p>\n<p>\t\t<img loading=\"lazy\" decoding=\"async\" width=\"202\" height=\"120\" src=\"http:\/\/emrahferhatoglu.net\/wp-content\/uploads\/2017\/11\/44.png\" alt=\"\" \/>\t\t<\/p>\n<p>Ferhato\u011flu, E., \u201cTax Rules in Non-Tax Agreements in Turkey\u201d, Tax Rules in Non-Tax Agreement, 07-09 July 2011, Rust, Austria.<\/p>\n<p>\t\t<img loading=\"lazy\" decoding=\"async\" width=\"202\" height=\"120\" src=\"http:\/\/emrahferhatoglu.net\/wp-content\/uploads\/2017\/11\/44.png\" alt=\"\" \/>\t\t<\/p>\n<p>Ferhato\u011flu, E., \u201cSettlement of International Tax Disputes in Turkish Tax Treaty Law\u201d, Jean Monnet Round Table with Prof.Dr. Pasquale Pistone, Institute for Austrian and International Tax Law, March 9, 2011, Vienna.<\/p>\n<p>\t\t<img decoding=\"async\" src=\"http:\/\/emrahferhatoglu.net\/wp-content\/uploads\/elementor\/thumbs\/koc-ngves2e6uath4o17baupxfwexguq835zfs8xw4semo.jpg\" title=\"koc\" alt=\"koc\" \/>\t\t<\/p>\n<p>Ferhato\u011flu, E., \u201c\u0130\u015fyerine Kazan\u00e7 Atfedilmesi\u201d, Uluslararas\u0131 Vergi Hukuku Konular\u0131na T\u00fcrkiye Yakla\u015f\u0131m\u0131 \u00c7al\u0131\u015ftay\u0131 (Ko\u00e7 \u00dcniversitesi Hukuk Fak\u00fcltesi ve Uluslararas\u0131 Vergi Ara\u015ft\u0131rmalar\u0131 Derne\u011fi (IFA T\u00fcrkiye)), 31 Ocak 2014, \u0130stanbul.<\/p>\n<p>\t\t<img decoding=\"async\" src=\"http:\/\/emrahferhatoglu.net\/wp-content\/uploads\/elementor\/thumbs\/maliye-sempozyumu-ngvf8gou299jns7rke0ffaxvzg18i09f0xxv9wh6a2.png\" title=\"maliye sempozyumu\" alt=\"maliye sempozyumu\" \/>\t\t<\/p>\n<p>Ferhato\u011flu, E., \u201cUluslararas\u0131 Vergi Uyu\u015fmazl\u0131klar\u0131n\u0131n Giderilmesi: Avrupa Birli\u011fi Tahkim Anla\u015fmas\u0131\u201d, 23. T\u00fcrkiye Maliye Sempozyumu, 7-11 May\u0131s 2008, Antalya.<\/p>\n<p>\t\t<img decoding=\"async\" src=\"http:\/\/emrahferhatoglu.net\/wp-content\/uploads\/elementor\/thumbs\/maliye-sempozyumu-ngvf8gou299jns7rke0ffaxvzg18i09f0xxv9wh6a2.png\" title=\"maliye sempozyumu\" alt=\"maliye sempozyumu\" \/>\t\t<\/p>\n<p>Ferhato\u011flu, E., \u201cVergi Anla\u015fmalar\u0131 Hukukunda Hibrit Finansal Ara\u00e7lar\u201d, 28. T\u00fcrkiye Maliye Sempozyumu, 22-26 May\u0131s 2013, Antalya.<\/p>\n","protected":false},"excerpt":{"rendered":"<p>Ferhato\u011flu, E., \u201cTurkish Report on Controlled Foreign Company Legislation\u201d, Controlled Foreign Company Legislation, 4-7 July 2019, Rust, Austria. Ferhato\u011flu, E., \u201cTurkish Report on Imroving Tax Compliance in a Globalized World\u201d, Imroving Tax Compliance in a Globalized World, 30 June-2 July 2016, Rust, Austria. Ferhato\u011flu, E., \u201cEylem 1: Dijital Ekonomi\u201d, Vergilendirmede Matrah A\u015f\u0131nd\u0131rma ve Kar Kayd\u0131rman\u0131n [&hellip;]<\/p>\n","protected":false},"author":1,"featured_media":0,"parent":0,"menu_order":0,"comment_status":"closed","ping_status":"closed","template":"","meta":{"footnotes":""},"class_list":["post-79","page","type-page","status-publish","hentry"],"_links":{"self":[{"href":"http:\/\/emrahferhatoglu.net\/index.php\/wp-json\/wp\/v2\/pages\/79","targetHints":{"allow":["GET"]}}],"collection":[{"href":"http:\/\/emrahferhatoglu.net\/index.php\/wp-json\/wp\/v2\/pages"}],"about":[{"href":"http:\/\/emrahferhatoglu.net\/index.php\/wp-json\/wp\/v2\/types\/page"}],"author":[{"embeddable":true,"href":"http:\/\/emrahferhatoglu.net\/index.php\/wp-json\/wp\/v2\/users\/1"}],"replies":[{"embeddable":true,"href":"http:\/\/emrahferhatoglu.net\/index.php\/wp-json\/wp\/v2\/comments?post=79"}],"version-history":[{"count":0,"href":"http:\/\/emrahferhatoglu.net\/index.php\/wp-json\/wp\/v2\/pages\/79\/revisions"}],"wp:attachment":[{"href":"http:\/\/emrahferhatoglu.net\/index.php\/wp-json\/wp\/v2\/media?parent=79"}],"curies":[{"name":"wp","href":"https:\/\/api.w.org\/{rel}","templated":true}]}}