{"id":89,"date":"2017-11-03T12:10:29","date_gmt":"2017-11-03T10:10:29","guid":{"rendered":"http:\/\/emrahferhatoglu.net\/?page_id=89"},"modified":"2019-12-27T07:52:23","modified_gmt":"2019-12-27T05:52:23","slug":"iletisim","status":"publish","type":"page","link":"http:\/\/emrahferhatoglu.net\/index.php\/iletisim\/","title":{"rendered":"\u0130leti\u015fim"},"content":{"rendered":"<p><strong>Prof. Dr. Emrah FERHATO\u011eLU<\/strong><br \/>Eski\u015fehir Osmangazi \u00dcniversitesi<br \/>\u0130ktisadi ve \u0130dari Bilimler Fak\u00fcltesi Maliye B\u00f6l\u00fcm\u00fc<br \/>B\u00fcy\u00fckdere Mah. Prof.Dr. Nabi AVCI Bulvar\u0131 No:4 <br \/>Me\u015felik Kamp\u00fcs\u00fc 26040<br \/>Odunpazar\u0131 \/ ESK\u0130\u015eEH\u0130R<br \/>e-posta1: eferhatoglu@gmail.com<br \/>e-posta2: emrahf@ogu.edu.tr<br \/>Telefon: 0(222) 239 3750 \/1114<\/p>\n<p>\t\t\t<iframe frameborder=\"0\" scrolling=\"no\" marginheight=\"0\" marginwidth=\"0\" src=\"https:\/\/maps.google.com\/maps?q=Eski%C5%9Fehir+Osmangazi+%C3%9Cniversitesi+%C4%B0ktisadi&amp;t=m&amp;z=16&amp;output=embed&amp;iwloc=near\"><\/iframe>\t\t<\/p>\n","protected":false},"excerpt":{"rendered":"<p>Prof. Dr. Emrah FERHATO\u011eLUEski\u015fehir Osmangazi \u00dcniversitesi\u0130ktisadi ve \u0130dari Bilimler Fak\u00fcltesi Maliye B\u00f6l\u00fcm\u00fcB\u00fcy\u00fckdere Mah. Prof.Dr. Nabi AVCI Bulvar\u0131 No:4 Me\u015felik Kamp\u00fcs\u00fc 26040Odunpazar\u0131 \/ ESK\u0130\u015eEH\u0130Re-posta1: eferhatoglu@gmail.come-posta2: emrahf@ogu.edu.trTelefon: 0(222) 239 3750 \/1114<\/p>\n","protected":false},"author":1,"featured_media":0,"parent":0,"menu_order":0,"comment_status":"closed","ping_status":"closed","template":"","meta":{"footnotes":""},"class_list":["post-89","page","type-page","status-publish","hentry"],"_links":{"self":[{"href":"http:\/\/emrahferhatoglu.net\/index.php\/wp-json\/wp\/v2\/pages\/89","targetHints":{"allow":["GET"]}}],"collection":[{"href":"http:\/\/emrahferhatoglu.net\/index.php\/wp-json\/wp\/v2\/pages"}],"about":[{"href":"http:\/\/emrahferhatoglu.net\/index.php\/wp-json\/wp\/v2\/types\/page"}],"author":[{"embeddable":true,"href":"http:\/\/emrahferhatoglu.net\/index.php\/wp-json\/wp\/v2\/users\/1"}],"replies":[{"embeddable":true,"href":"http:\/\/emrahferhatoglu.net\/index.php\/wp-json\/wp\/v2\/comments?post=89"}],"version-history":[{"count":0,"href":"http:\/\/emrahferhatoglu.net\/index.php\/wp-json\/wp\/v2\/pages\/89\/revisions"}],"wp:attachment":[{"href":"http:\/\/emrahferhatoglu.net\/index.php\/wp-json\/wp\/v2\/media?parent=89"}],"curies":[{"name":"wp","href":"https:\/\/api.w.org\/{rel}","templated":true}]}}